{"id":1243,"date":"2021-08-09T14:46:56","date_gmt":"2021-08-09T12:46:56","guid":{"rendered":"https:\/\/penzionklara.cz\/wp\/?page_id=1243"},"modified":"2026-03-11T12:47:21","modified_gmt":"2026-03-11T11:47:21","slug":"fotogalerie-exterier","status":"publish","type":"page","link":"https:\/\/penzionklara.cz\/wp\/fotogalerie-exterier\/","title":{"rendered":"FOTOGALERIE EXTERI\u00c9R"},"content":{"rendered":"\t\t<div data-elementor-type=\"wp-page\" data-elementor-id=\"1243\" class=\"elementor elementor-1243\">\n\t\t\t\t\t\t<section class=\"elementor-section elementor-top-section elementor-element elementor-element-b2526dd elementor-section-boxed elementor-section-height-default elementor-section-height-default\" data-id=\"b2526dd\" data-element_type=\"section\" data-e-type=\"section\">\n\t\t\t\t\t\t<div class=\"elementor-container elementor-column-gap-default\">\n\t\t\t\t\t<div class=\"elementor-column elementor-col-100 elementor-top-column elementor-element elementor-element-82f183a\" data-id=\"82f183a\" data-element_type=\"column\" data-e-type=\"column\">\n\t\t\t<div class=\"elementor-widget-wrap elementor-element-populated\">\n\t\t\t\t\t\t<div class=\"elementor-element elementor-element-6726b27 elementor-widget elementor-widget-spacer\" data-id=\"6726b27\" data-element_type=\"widget\" data-e-type=\"widget\" data-widget_type=\"spacer.default\">\n\t\t\t\t<div class=\"elementor-widget-container\">\n\t\t\t\t\t\t\t<div class=\"elementor-spacer\">\n\t\t\t<div class=\"elementor-spacer-inner\"><\/div>\n\t\t<\/div>\n\t\t\t\t\t\t<\/div>\n\t\t\t\t<\/div>\n\t\t\t\t\t<\/div>\n\t\t<\/div>\n\t\t\t\t\t<\/div>\n\t\t<\/section>\n\t\t\t\t<section class=\"elementor-section elementor-top-section elementor-element elementor-element-b28a4e6 elementor-section-boxed elementor-section-height-default elementor-section-height-default\" data-id=\"b28a4e6\" data-element_type=\"section\" data-e-type=\"section\">\n\t\t\t\t\t\t<div class=\"elementor-container elementor-column-gap-default\">\n\t\t\t\t\t<div class=\"elementor-column elementor-col-100 elementor-top-column elementor-element elementor-element-ae5b74f\" data-id=\"ae5b74f\" data-element_type=\"column\" data-e-type=\"column\">\n\t\t\t<div class=\"elementor-widget-wrap elementor-element-populated\">\n\t\t\t\t\t\t<div class=\"elementor-element elementor-element-8c7eff2 elementor-widget elementor-widget-heading\" data-id=\"8c7eff2\" data-element_type=\"widget\" data-e-type=\"widget\" data-widget_type=\"heading.default\">\n\t\t\t\t<div class=\"elementor-widget-container\">\n\t\t\t\t\t<h3 class=\"elementor-heading-title elementor-size-default\">FOTOGALERIE PENZIONU KL\u00c1RA - EXTERI\u00c9R<\/h3>\t\t\t\t<\/div>\n\t\t\t\t<\/div>\n\t\t\t\t\t<\/div>\n\t\t<\/div>\n\t\t\t\t\t<\/div>\n\t\t<\/section>\n\t\t\t\t<section class=\"elementor-section elementor-top-section elementor-element elementor-element-1cfdbb11 elementor-section-boxed elementor-section-height-default elementor-section-height-default\" data-id=\"1cfdbb11\" data-element_type=\"section\" data-e-type=\"section\">\n\t\t\t\t\t\t<div class=\"elementor-container elementor-column-gap-default\">\n\t\t\t\t\t<div class=\"elementor-column elementor-col-100 elementor-top-column elementor-element elementor-element-551e6e32\" data-id=\"551e6e32\" data-element_type=\"column\" data-e-type=\"column\">\n\t\t\t<div class=\"elementor-widget-wrap elementor-element-populated\">\n\t\t\t\t\t\t<div class=\"elementor-element elementor-element-70fd1c4 gallery-spacing-custom elementor-widget elementor-widget-image-gallery\" data-id=\"70fd1c4\" data-element_type=\"widget\" data-e-type=\"widget\" data-widget_type=\"image-gallery.default\">\n\t\t\t\t<div class=\"elementor-widget-container\">\n\t\t\t\t\t\t\t<div class=\"elementor-image-gallery\">\n\t\t\t<div id='gallery-1' class='gallery galleryid-1243 gallery-columns-6 gallery-size-thumbnail'><figure class='gallery-item'>\n\t\t\t<div class='gallery-icon landscape'>\n\t\t\t\t<a data-elementor-open-lightbox=\"yes\" data-elementor-lightbox-slideshow=\"70fd1c4\" data-elementor-lightbox-title=\"penzion kl\u00e1ra1\" data-e-action-hash=\"#elementor-action%3Aaction%3Dlightbox%26settings%3DeyJpZCI6NDQ4LCJ1cmwiOiJodHRwczpcL1wvcGVuemlvbmtsYXJhLmN6XC93cFwvd3AtY29udGVudFwvdXBsb2Fkc1wvMjAyMVwvMDZcL3Blbnppb24ta2xhcmExLmpwZyIsInNsaWRlc2hvdyI6IjcwZmQxYzQifQ%3D%3D\" href='https:\/\/penzionklara.cz\/wp\/wp-content\/uploads\/2021\/06\/penzion-klara1.jpg'><img decoding=\"async\" width=\"150\" height=\"150\" src=\"https:\/\/penzionklara.cz\/wp\/wp-content\/uploads\/2021\/06\/penzion-klara1-150x150.jpg\" class=\"attachment-thumbnail size-thumbnail\" alt=\"\" \/><\/a>\n\t\t\t<\/div><\/figure><figure class='gallery-item'>\n\t\t\t<div class='gallery-icon landscape'>\n\t\t\t\t<a data-elementor-open-lightbox=\"yes\" data-elementor-lightbox-slideshow=\"70fd1c4\" data-elementor-lightbox-title=\"ubytov\u00e1n\u00ed penzion kl\u00e1ra1\" data-e-action-hash=\"#elementor-action%3Aaction%3Dlightbox%26settings%3DeyJpZCI6NDYyLCJ1cmwiOiJodHRwczpcL1wvcGVuemlvbmtsYXJhLmN6XC93cFwvd3AtY29udGVudFwvdXBsb2Fkc1wvMjAyMVwvMDZcL3VieXRvdmFuaS1wZW56aW9uLWtsYXJhMS5qcGciLCJzbGlkZXNob3ciOiI3MGZkMWM0In0%3D\" href='https:\/\/penzionklara.cz\/wp\/wp-content\/uploads\/2021\/06\/ubytovani-penzion-klara1.jpg'><img decoding=\"async\" width=\"150\" height=\"150\" src=\"https:\/\/penzionklara.cz\/wp\/wp-content\/uploads\/2021\/06\/ubytovani-penzion-klara1-150x150.jpg\" class=\"attachment-thumbnail size-thumbnail\" alt=\"\" \/><\/a>\n\t\t\t<\/div><\/figure><figure class='gallery-item'>\n\t\t\t<div class='gallery-icon landscape'>\n\t\t\t\t<a data-elementor-open-lightbox=\"yes\" data-elementor-lightbox-slideshow=\"70fd1c4\" data-elementor-lightbox-title=\"tocena zmrzlina penzion klara1\" data-e-action-hash=\"#elementor-action%3Aaction%3Dlightbox%26settings%3DeyJpZCI6NzM5LCJ1cmwiOiJodHRwczpcL1wvcGVuemlvbmtsYXJhLmN6XC93cFwvd3AtY29udGVudFwvdXBsb2Fkc1wvMjAyMVwvMDZcL3RvY2VuYS16bXJ6bGluYS1wZW56aW9uLWtsYXJhMS1zY2FsZWQuanBnIiwic2xpZGVzaG93IjoiNzBmZDFjNCJ9\" href='https:\/\/penzionklara.cz\/wp\/wp-content\/uploads\/2021\/06\/tocena-zmrzlina-penzion-klara1-scaled.jpg'><img decoding=\"async\" width=\"150\" height=\"150\" src=\"https:\/\/penzionklara.cz\/wp\/wp-content\/uploads\/2021\/06\/tocena-zmrzlina-penzion-klara1-150x150.jpg\" class=\"attachment-thumbnail size-thumbnail\" alt=\"\" \/><\/a>\n\t\t\t<\/div><\/figure><figure class='gallery-item'>\n\t\t\t<div class='gallery-icon portrait'>\n\t\t\t\t<a data-elementor-open-lightbox=\"yes\" data-elementor-lightbox-slideshow=\"70fd1c4\" data-elementor-lightbox-title=\"tocena zmrzlina3\" data-e-action-hash=\"#elementor-action%3Aaction%3Dlightbox%26settings%3DeyJpZCI6NzM3LCJ1cmwiOiJodHRwczpcL1wvcGVuemlvbmtsYXJhLmN6XC93cFwvd3AtY29udGVudFwvdXBsb2Fkc1wvMjAyMVwvMDZcL3RvY2VuYS16bXJ6bGluYTMtZTE2MjUwMzc2NTY0NDIuanBnIiwic2xpZGVzaG93IjoiNzBmZDFjNCJ9\" href='https:\/\/penzionklara.cz\/wp\/wp-content\/uploads\/2021\/06\/tocena-zmrzlina3-e1625037656442.jpg'><img loading=\"lazy\" decoding=\"async\" width=\"150\" height=\"150\" src=\"https:\/\/penzionklara.cz\/wp\/wp-content\/uploads\/2021\/06\/tocena-zmrzlina3-150x150.jpg\" class=\"attachment-thumbnail size-thumbnail\" alt=\"\" \/><\/a>\n\t\t\t<\/div><\/figure><figure class='gallery-item'>\n\t\t\t<div class='gallery-icon landscape'>\n\t\t\t\t<a data-elementor-open-lightbox=\"yes\" data-elementor-lightbox-slideshow=\"70fd1c4\" data-elementor-lightbox-title=\"mojito1\" data-e-action-hash=\"#elementor-action%3Aaction%3Dlightbox%26settings%3DeyJpZCI6NzM2LCJ1cmwiOiJodHRwczpcL1wvcGVuemlvbmtsYXJhLmN6XC93cFwvd3AtY29udGVudFwvdXBsb2Fkc1wvMjAyMVwvMDZcL21vaml0bzEtc2NhbGVkLmpwZyIsInNsaWRlc2hvdyI6IjcwZmQxYzQifQ%3D%3D\" href='https:\/\/penzionklara.cz\/wp\/wp-content\/uploads\/2021\/06\/mojito1-scaled.jpg'><img loading=\"lazy\" decoding=\"async\" width=\"150\" height=\"150\" src=\"https:\/\/penzionklara.cz\/wp\/wp-content\/uploads\/2021\/06\/mojito1-150x150.jpg\" class=\"attachment-thumbnail size-thumbnail\" alt=\"\" srcset=\"https:\/\/penzionklara.cz\/wp\/wp-content\/uploads\/2021\/06\/mojito1-150x150.jpg 150w, https:\/\/penzionklara.cz\/wp\/wp-content\/uploads\/2021\/06\/mojito1-300x300.jpg 300w, https:\/\/penzionklara.cz\/wp\/wp-content\/uploads\/2021\/06\/mojito1-1024x1024.jpg 1024w, https:\/\/penzionklara.cz\/wp\/wp-content\/uploads\/2021\/06\/mojito1-768x768.jpg 768w, https:\/\/penzionklara.cz\/wp\/wp-content\/uploads\/2021\/06\/mojito1-1536x1536.jpg 1536w, https:\/\/penzionklara.cz\/wp\/wp-content\/uploads\/2021\/06\/mojito1-2048x2048.jpg 2048w\" sizes=\"(max-width: 150px) 100vw, 150px\" \/><\/a>\n\t\t\t<\/div><\/figure><figure class='gallery-item'>\n\t\t\t<div class='gallery-icon landscape'>\n\t\t\t\t<a data-elementor-open-lightbox=\"yes\" data-elementor-lightbox-slideshow=\"70fd1c4\" data-elementor-lightbox-title=\"slu\u017eby penzion kl\u00e1ra3\" data-e-action-hash=\"#elementor-action%3Aaction%3Dlightbox%26settings%3DeyJpZCI6NDYxLCJ1cmwiOiJodHRwczpcL1wvcGVuemlvbmtsYXJhLmN6XC93cFwvd3AtY29udGVudFwvdXBsb2Fkc1wvMjAyMVwvMDZcL3NsdXpieS1wZW56aW9uLWtsYXJhMy5qcGciLCJzbGlkZXNob3ciOiI3MGZkMWM0In0%3D\" href='https:\/\/penzionklara.cz\/wp\/wp-content\/uploads\/2021\/06\/sluzby-penzion-klara3.jpg'><img loading=\"lazy\" decoding=\"async\" width=\"150\" height=\"150\" src=\"https:\/\/penzionklara.cz\/wp\/wp-content\/uploads\/2021\/06\/sluzby-penzion-klara3-150x150.jpg\" class=\"attachment-thumbnail size-thumbnail\" alt=\"\" \/><\/a>\n\t\t\t<\/div><\/figure><figure class='gallery-item'>\n\t\t\t<div class='gallery-icon landscape'>\n\t\t\t\t<a data-elementor-open-lightbox=\"yes\" data-elementor-lightbox-slideshow=\"70fd1c4\" data-elementor-lightbox-title=\"penzion-klara-2105\" data-e-action-hash=\"#elementor-action%3Aaction%3Dlightbox%26settings%3DeyJpZCI6MjQ0MSwidXJsIjoiaHR0cHM6XC9cL3Blbnppb25rbGFyYS5jelwvd3BcL3dwLWNvbnRlbnRcL3VwbG9hZHNcLzIwMjJcLzExXC9wZW56aW9uLWtsYXJhLTIxMDUuanBnIiwic2xpZGVzaG93IjoiNzBmZDFjNCJ9\" href='https:\/\/penzionklara.cz\/wp\/wp-content\/uploads\/2022\/11\/penzion-klara-2105.jpg'><img loading=\"lazy\" decoding=\"async\" width=\"150\" height=\"150\" src=\"https:\/\/penzionklara.cz\/wp\/wp-content\/uploads\/2022\/11\/penzion-klara-2105-150x150.jpg\" class=\"attachment-thumbnail size-thumbnail\" alt=\"\" \/><\/a>\n\t\t\t<\/div><\/figure><figure class='gallery-item'>\n\t\t\t<div class='gallery-icon landscape'>\n\t\t\t\t<a data-elementor-open-lightbox=\"yes\" data-elementor-lightbox-slideshow=\"70fd1c4\" data-elementor-lightbox-title=\"penzion-klara-2845\" data-e-action-hash=\"#elementor-action%3Aaction%3Dlightbox%26settings%3DeyJpZCI6MjQ0MCwidXJsIjoiaHR0cHM6XC9cL3Blbnppb25rbGFyYS5jelwvd3BcL3dwLWNvbnRlbnRcL3VwbG9hZHNcLzIwMjJcLzExXC9wZW56aW9uLWtsYXJhLTI4NDUuanBnIiwic2xpZGVzaG93IjoiNzBmZDFjNCJ9\" href='https:\/\/penzionklara.cz\/wp\/wp-content\/uploads\/2022\/11\/penzion-klara-2845.jpg'><img loading=\"lazy\" decoding=\"async\" width=\"150\" height=\"150\" src=\"https:\/\/penzionklara.cz\/wp\/wp-content\/uploads\/2022\/11\/penzion-klara-2845-150x150.jpg\" class=\"attachment-thumbnail size-thumbnail\" alt=\"\" \/><\/a>\n\t\t\t<\/div><\/figure><figure class='gallery-item'>\n\t\t\t<div class='gallery-icon landscape'>\n\t\t\t\t<a data-elementor-open-lightbox=\"yes\" data-elementor-lightbox-slideshow=\"70fd1c4\" data-elementor-lightbox-title=\"penzion-klara-WA0055\" data-e-action-hash=\"#elementor-action%3Aaction%3Dlightbox%26settings%3DeyJpZCI6MjQzOSwidXJsIjoiaHR0cHM6XC9cL3Blbnppb25rbGFyYS5jelwvd3BcL3dwLWNvbnRlbnRcL3VwbG9hZHNcLzIwMjJcLzExXC9wZW56aW9uLWtsYXJhLVdBMDA1NS5qcGciLCJzbGlkZXNob3ciOiI3MGZkMWM0In0%3D\" href='https:\/\/penzionklara.cz\/wp\/wp-content\/uploads\/2022\/11\/penzion-klara-WA0055.jpg'><img loading=\"lazy\" decoding=\"async\" width=\"150\" height=\"150\" src=\"https:\/\/penzionklara.cz\/wp\/wp-content\/uploads\/2022\/11\/penzion-klara-WA0055-150x150.jpg\" class=\"attachment-thumbnail size-thumbnail\" alt=\"\" \/><\/a>\n\t\t\t<\/div><\/figure><figure class='gallery-item'>\n\t\t\t<div class='gallery-icon landscape'>\n\t\t\t\t<a data-elementor-open-lightbox=\"yes\" data-elementor-lightbox-slideshow=\"70fd1c4\" data-elementor-lightbox-title=\"penzion-klara-WA0040\" data-e-action-hash=\"#elementor-action%3Aaction%3Dlightbox%26settings%3DeyJpZCI6MjQzOCwidXJsIjoiaHR0cHM6XC9cL3Blbnppb25rbGFyYS5jelwvd3BcL3dwLWNvbnRlbnRcL3VwbG9hZHNcLzIwMjJcLzExXC9wZW56aW9uLWtsYXJhLVdBMDA0MC5qcGciLCJzbGlkZXNob3ciOiI3MGZkMWM0In0%3D\" href='https:\/\/penzionklara.cz\/wp\/wp-content\/uploads\/2022\/11\/penzion-klara-WA0040.jpg'><img loading=\"lazy\" decoding=\"async\" width=\"150\" height=\"150\" src=\"https:\/\/penzionklara.cz\/wp\/wp-content\/uploads\/2022\/11\/penzion-klara-WA0040-150x150.jpg\" class=\"attachment-thumbnail size-thumbnail\" alt=\"\" \/><\/a>\n\t\t\t<\/div><\/figure><figure class='gallery-item'>\n\t\t\t<div class='gallery-icon landscape'>\n\t\t\t\t<a data-elementor-open-lightbox=\"yes\" data-elementor-lightbox-slideshow=\"70fd1c4\" data-elementor-lightbox-title=\"penzion-klara-WA0001\" data-e-action-hash=\"#elementor-action%3Aaction%3Dlightbox%26settings%3DeyJpZCI6MjQzNywidXJsIjoiaHR0cHM6XC9cL3Blbnppb25rbGFyYS5jelwvd3BcL3dwLWNvbnRlbnRcL3VwbG9hZHNcLzIwMjJcLzExXC9wZW56aW9uLWtsYXJhLVdBMDAwMS5qcGciLCJzbGlkZXNob3ciOiI3MGZkMWM0In0%3D\" href='https:\/\/penzionklara.cz\/wp\/wp-content\/uploads\/2022\/11\/penzion-klara-WA0001.jpg'><img loading=\"lazy\" decoding=\"async\" width=\"150\" height=\"150\" src=\"https:\/\/penzionklara.cz\/wp\/wp-content\/uploads\/2022\/11\/penzion-klara-WA0001-150x150.jpg\" class=\"attachment-thumbnail size-thumbnail\" alt=\"\" \/><\/a>\n\t\t\t<\/div><\/figure><figure class='gallery-item'>\n\t\t\t<div class='gallery-icon landscape'>\n\t\t\t\t<a data-elementor-open-lightbox=\"yes\" data-elementor-lightbox-slideshow=\"70fd1c4\" data-elementor-lightbox-title=\"penzion-klara-WA0000\" data-e-action-hash=\"#elementor-action%3Aaction%3Dlightbox%26settings%3DeyJpZCI6MjQzNiwidXJsIjoiaHR0cHM6XC9cL3Blbnppb25rbGFyYS5jelwvd3BcL3dwLWNvbnRlbnRcL3VwbG9hZHNcLzIwMjJcLzExXC9wZW56aW9uLWtsYXJhLVdBMDAwMC5qcGciLCJzbGlkZXNob3ciOiI3MGZkMWM0In0%3D\" href='https:\/\/penzionklara.cz\/wp\/wp-content\/uploads\/2022\/11\/penzion-klara-WA0000.jpg'><img loading=\"lazy\" decoding=\"async\" width=\"150\" height=\"150\" src=\"https:\/\/penzionklara.cz\/wp\/wp-content\/uploads\/2022\/11\/penzion-klara-WA0000-150x150.jpg\" class=\"attachment-thumbnail size-thumbnail\" alt=\"\" \/><\/a>\n\t\t\t<\/div><\/figure>\n\t\t<\/div>\n\t\t<\/div>\n\t\t\t\t\t\t<\/div>\n\t\t\t\t<\/div>\n\t\t\t\t\t<\/div>\n\t\t<\/div>\n\t\t\t\t\t<\/div>\n\t\t<\/section>\n\t\t\t\t<\/div>\n\t\t","protected":false},"excerpt":{"rendered":"<p>FOTOGALERIE PENZIONU KL\u00c1RA &#8211; EXTERI\u00c9R<\/p>\n","protected":false},"author":1,"featured_media":0,"parent":0,"menu_order":0,"comment_status":"closed","ping_status":"closed","template":"page-templates\/template-pagebuilder-full-width.php","meta":{"neve_meta_sidebar":"","neve_meta_container":"","neve_meta_enable_content_width":"on","neve_meta_content_width":100,"neve_meta_title_alignment":"","neve_meta_author_avatar":"","neve_post_elements_order":"","neve_meta_disable_header":"","neve_meta_disable_footer":"","neve_meta_disable_title":"on","footnotes":""},"class_list":["post-1243","page","type-page","status-publish","hentry"],"_links":{"self":[{"href":"https:\/\/penzionklara.cz\/wp\/wp-json\/wp\/v2\/pages\/1243","targetHints":{"allow":["GET"]}}],"collection":[{"href":"https:\/\/penzionklara.cz\/wp\/wp-json\/wp\/v2\/pages"}],"about":[{"href":"https:\/\/penzionklara.cz\/wp\/wp-json\/wp\/v2\/types\/page"}],"author":[{"embeddable":true,"href":"https:\/\/penzionklara.cz\/wp\/wp-json\/wp\/v2\/users\/1"}],"replies":[{"embeddable":true,"href":"https:\/\/penzionklara.cz\/wp\/wp-json\/wp\/v2\/comments?post=1243"}],"version-history":[{"count":16,"href":"https:\/\/penzionklara.cz\/wp\/wp-json\/wp\/v2\/pages\/1243\/revisions"}],"predecessor-version":[{"id":2444,"href":"https:\/\/penzionklara.cz\/wp\/wp-json\/wp\/v2\/pages\/1243\/revisions\/2444"}],"wp:attachment":[{"href":"https:\/\/penzionklara.cz\/wp\/wp-json\/wp\/v2\/media?parent=1243"}],"curies":[{"name":"wp","href":"https:\/\/api.w.org\/{rel}","templated":true}]}}